{"id":1102,"date":"2021-06-23T21:56:56","date_gmt":"2021-06-23T21:56:56","guid":{"rendered":"http:\/\/racingcba.com.ar\/bienvenido\/?page_id=1102"},"modified":"2024-07-20T16:49:38","modified_gmt":"2024-07-20T16:49:38","slug":"jardines","status":"publish","type":"page","link":"https:\/\/racingcba.com.ar\/bienvenido\/jardines\/","title":{"rendered":"JARDIN"},"content":{"rendered":"<p>[vc_row][vc_column][vc_empty_space][vc_custom_heading text=\u00bbDIRECCI\u00d3N NIVEL INICIAL\u00bb font_container=\u00bbtag:h2|font_size:30|text_align:center|color:%23ffffff\u00bb google_fonts=\u00bbfont_family:Open%20Sans%20Condensed%3A300%2C300italic%2C700|font_style:700%20bold%20regular%3A700%3Anormal\u00bb css=\u00bb.vc_custom_1624486094658{background-color: #1e73be !important;}\u00bb][\/vc_column][\/vc_row][vc_row][vc_column width=\u00bb1\/3&#8243;][vc_custom_heading text=\u00bbDirectora\u00bb font_container=\u00bbtag:h2|font_size:30|text_align:center|color:%23ffffff\u00bb google_fonts=\u00bbfont_family:Open%20Sans%20Condensed%3A300%2C300italic%2C700|font_style:700%20bold%20regular%3A700%3Anormal\u00bb css=\u00bb.vc_custom_1624486210170{background-color: #25c3ea !important;}\u00bb][vc_column_text]<\/p>\n<p class=\"p1\" style=\"text-align: center;\"><b>Nora L. Moreno<\/b><\/p>\n<p>[\/vc_column_text][vc_custom_heading text=\u00bbGabinete Psicopedagogico\u00bb font_container=\u00bbtag:h2|font_size:30|text_align:center\u00bb google_fonts=\u00bbfont_family:Open%20Sans%20Condensed%3A300%2C300italic%2C700|font_style:700%20bold%20regular%3A700%3Anormal\u00bb css=\u00bb.vc_custom_1717636361848{background-color: #25c7e8 !important;}\u00bb][vc_column_text]<\/p>\n<p style=\"text-align: center;\"><strong>Sosa, Mar\u00eda Candelaria<\/strong><\/p>\n<p>[\/vc_column_text][\/vc_column][vc_column width=\u00bb1\/3&#8243;][vc_custom_heading text=\u00bbCoordinaci\u00f3n:\u00bb font_container=\u00bbtag:h2|font_size:30|text_align:center|color:%23ffffff\u00bb google_fonts=\u00bbfont_family:Open%20Sans%20Condensed%3A300%2C300italic%2C700|font_style:700%20bold%20regular%3A700%3Anormal\u00bb css=\u00bb.vc_custom_1624486219481{background-color: #25c3ea !important;}\u00bb][vc_column_text]<\/p>\n<p class=\"p1\" style=\"text-align: center;\"><b>Caverzacio, Alejandro<span class=\"Apple-converted-space\">\u00a0<\/span><\/b><\/p>\n<p>[\/vc_column_text][\/vc_column][vc_column width=\u00bb1\/3&#8243;][vc_custom_heading text=\u00bbSecretaria:\u00bb font_container=\u00bbtag:h2|font_size:30|text_align:center|color:%23ffffff\u00bb google_fonts=\u00bbfont_family:Open%20Sans%20Condensed%3A300%2C300italic%2C700|font_style:700%20bold%20regular%3A700%3Anormal\u00bb css=\u00bb.vc_custom_1624486227166{background-color: #25c3ea !important;}\u00bb][vc_column_text]<\/p>\n<p class=\"p1\"><b>Mar\u00eda del Carmen Manoukian<span class=\"Apple-converted-space\">\u00a0<\/span><\/b><\/p>\n<p>[\/vc_column_text][\/vc_column][\/vc_row][vc_row][vc_column][vc_column_text]En el marco del <em><strong>D\u00eda de la Bandera<\/strong><\/em>, la <em><strong>Escuela Modelo de Juego y Deportes Racing<\/strong><\/em>, desfil\u00f3 con 200 metros de bandera Argentina, por calles aleda\u00f1as, en un abrazo simb\u00f3lico a nuestro club.<\/p>\n<p>Adem\u00e1s, en un emotivo acto en el Estadio Miguel Sancho, <em><strong>los alumnos de 4\u00b0 grado de primaria realizaron la promesa a la bandera, mientras que los estudiantes de 4\u00b0 a\u00f1o de secundaria reafirmaron su compromiso.<\/strong><\/em><\/p>\n<p>Este acto institucional conmemorativo cont\u00f3 con la participaci\u00f3n de diversas organizaciones de la comunidad barrial, incluyendo centros vecinales, centros de jubilados, jardines maternales, representantes legales, vecinos, familiares de los alumnos y simpatizantes de nuestro club.<\/p>\n<p>Nos enorgullece compartir este significativo evento junto a las autoridades de la Direcci\u00f3n General de Institutos Privados del Ministerio de Educaci\u00f3n de la Provincia de C\u00f3rdoba.<\/p>\n<p><em><strong>Este acto reafirma el valor de la educaci\u00f3n y fortalece la Educaci\u00f3n con un proyecto de Juegos, Deportes y Recreaci\u00f3n, que lleva casi 39 a\u00f1os formando parte de nuestra historia institucional, pionera en C\u00f3rdoba y el pa\u00eds.<\/strong><\/em>[\/vc_column_text][vc_gallery type=\u00bbimage_grid\u00bb images=\u00bb7417,7418,7419,7420,7421,7422,7423,7427,7428,7429,7430,7432,7433,7434&#8243;][vc_gallery type=\u00bbimage_grid\u00bb images=\u00bb7444,7445,7446,7447,7448,7438&#8243;][vc_empty_space][\/vc_column][\/vc_row][vc_row css=\u00bb.vc_custom_1624487345431{background-color: #bde5f9 !important;}\u00bb][vc_column width=\u00bb1\/4&#8243; css=\u00bb.vc_custom_1624486983534{background-color: #bde5f9 !important;}\u00bb]<div class=\"icon_box icon_position_top has_border\"><div class=\"icon_wrapper\"><div class=\"icon\"><i class=\"far fa-envelope\" aria-hidden=\"true\"><\/i><\/div><\/div><div class=\"desc_wrapper\"><h4 class=\"title\">CORREO INSTITUCIONAL<\/h4><div class=\"desc\">escuelaracingnivelinicial<br \/>\n@gmail.com<\/div><\/div><\/div>\n[\/vc_column][vc_column width=\u00bb1\/4&#8243;]<div class=\"icon_box icon_position_top has_border\"><div class=\"icon_wrapper\"><div class=\"icon\"><i class=\"fas fa-phone-square-alt\" aria-hidden=\"true\"><\/i><\/div><\/div><div class=\"desc_wrapper\"><h4 class=\"title\">TEL\u00c9FONO<\/h4><div class=\"desc\">Directora: 3515471642<br \/>\nAdministraci\u00f3n: 3513525777<\/div><\/div><\/div>\n[\/vc_column][vc_column width=\u00bb1\/4&#8243;]<div class=\"icon_box icon_position_top has_border\"><div class=\"icon_wrapper\"><div class=\"icon\"><i class=\"far fa-envelope\" aria-hidden=\"true\"><\/i><\/div><\/div><div class=\"desc_wrapper\"><h4 class=\"title\">DIRECCI\u00d3N NIVEL INICIAL<\/h4><div class=\"desc\">Herman Huberman N\u00b01776 B\u00b0Nueva Italia, C\u00f3rdoba, Argentina<\/div><\/div><\/div>\n[\/vc_column][vc_column width=\u00bb1\/4&#8243;][vc_icon icon_fontawesome=\u00bbfab fa-facebook\u00bb background_style=\u00bbrounded\u00bb background_color=\u00bbwhite\u00bb size=\u00bbxl\u00bb align=\u00bbcenter\u00bb css_animation=\u00bbbounceIn\u00bb link=\u00bburl:https%3A%2F%2Fwww.facebook.com%2Fjardin.racingcba\u00bb][vc_column_text]<\/p>\n<h4 style=\"text-align: center;\"><strong>Visitanos en Facebook<\/strong><\/h4>\n<p>[\/vc_column_text][\/vc_column][\/vc_row]<\/p>\n","protected":false},"excerpt":{"rendered":"<p>[vc_row][vc_column][vc_empty_space][vc_custom_heading text=\u00bbDIRECCI\u00d3N NIVEL INICIAL\u00bb font_container=\u00bbtag:h2|font_size:30|text_align:center|color:%23ffffff\u00bb google_fonts=\u00bbfont_family:Open%20Sans%20Condensed%3A300%2C300italic%2C700|font_style:700%20bold%20regular%3A700%3Anormal\u00bb css=\u00bb.vc_custom_1624486094658{background-color: #1e73be !important;}\u00bb][\/vc_column][\/vc_row][vc_row][vc_column width=\u00bb1\/3&#8243;][vc_custom_heading text=\u00bbDirectora\u00bb font_container=\u00bbtag:h2|font_size:30|text_align:center|color:%23ffffff\u00bb google_fonts=\u00bbfont_family:Open%20Sans%20Condensed%3A300%2C300italic%2C700|font_style:700%20bold%20regular%3A700%3Anormal\u00bb css=\u00bb.vc_custom_1624486210170{background-color: #25c3ea !important;}\u00bb][vc_column_text] Nora L. Moreno [\/vc_column_text][vc_custom_heading text=\u00bbGabinete Psicopedagogico\u00bb font_container=\u00bbtag:h2|font_size:30|text_align:center\u00bb google_fonts=\u00bbfont_family:Open%20Sans%20Condensed%3A300%2C300italic%2C700|font_style:700%20bold%20regular%3A700%3Anormal\u00bb css=\u00bb.vc_custom_1717636361848{background-color: #25c7e8<span class=\"excerpt-hellip\"> [\u2026]<\/span><\/p>\n","protected":false},"author":2,"featured_media":0,"parent":0,"menu_order":0,"comment_status":"closed","ping_status":"closed","template":"","meta":{"_acf_changed":false,"footnotes":""},"class_list":["post-1102","page","type-page","status-publish","hentry"],"acf":[],"yoast_head":"<!-- This site is optimized with the Yoast SEO plugin v25.3 - https:\/\/yoast.com\/wordpress\/plugins\/seo\/ -->\n<title>JARDIN - CLUB ATLETICO RACING<\/title>\n<meta name=\"robots\" content=\"index, follow, max-snippet:-1, max-image-preview:large, max-video-preview:-1\" \/>\n<link rel=\"canonical\" href=\"https:\/\/racingcba.com.ar\/bienvenido\/jardines\/\" \/>\n<meta property=\"og:locale\" content=\"es_ES\" \/>\n<meta property=\"og:type\" content=\"article\" \/>\n<meta property=\"og:title\" content=\"JARDIN - CLUB ATLETICO RACING\" \/>\n<meta property=\"og:description\" content=\"[vc_row][vc_column][vc_empty_space][vc_custom_heading text=\u00bbDIRECCI\u00d3N NIVEL INICIAL\u00bb font_container=\u00bbtag:h2|font_size:30|text_align:center|color:%23ffffff\u00bb google_fonts=\u00bbfont_family:Open%20Sans%20Condensed%3A300%2C300italic%2C700|font_style:700%20bold%20regular%3A700%3Anormal\u00bb css=\u00bb.vc_custom_1624486094658{background-color: #1e73be !important;}\u00bb][\/vc_column][\/vc_row][vc_row][vc_column width=\u00bb1\/3&#8243;][vc_custom_heading text=\u00bbDirectora\u00bb font_container=\u00bbtag:h2|font_size:30|text_align:center|color:%23ffffff\u00bb google_fonts=\u00bbfont_family:Open%20Sans%20Condensed%3A300%2C300italic%2C700|font_style:700%20bold%20regular%3A700%3Anormal\u00bb css=\u00bb.vc_custom_1624486210170{background-color: #25c3ea !important;}\u00bb][vc_column_text] Nora L. Moreno [\/vc_column_text][vc_custom_heading text=\u00bbGabinete Psicopedagogico\u00bb font_container=\u00bbtag:h2|font_size:30|text_align:center\u00bb google_fonts=\u00bbfont_family:Open%20Sans%20Condensed%3A300%2C300italic%2C700|font_style:700%20bold%20regular%3A700%3Anormal\u00bb css=\u00bb.vc_custom_1717636361848{background-color: #25c7e8 [\u2026]\" \/>\n<meta property=\"og:url\" content=\"https:\/\/racingcba.com.ar\/bienvenido\/jardines\/\" \/>\n<meta property=\"og:site_name\" content=\"CLUB ATLETICO RACING\" \/>\n<meta property=\"article:modified_time\" content=\"2024-07-20T16:49:38+00:00\" \/>\n<meta name=\"twitter:card\" content=\"summary_large_image\" \/>\n<meta name=\"twitter:label1\" content=\"Tiempo de lectura\" \/>\n\t<meta name=\"twitter:data1\" content=\"6 minutos\" \/>\n<script type=\"application\/ld+json\" class=\"yoast-schema-graph\">{\"@context\":\"https:\/\/schema.org\",\"@graph\":[{\"@type\":\"WebPage\",\"@id\":\"https:\/\/racingcba.com.ar\/bienvenido\/jardines\/\",\"url\":\"https:\/\/racingcba.com.ar\/bienvenido\/jardines\/\",\"name\":\"JARDIN - CLUB ATLETICO RACING\",\"isPartOf\":{\"@id\":\"https:\/\/racingcba.com.ar\/bienvenido\/#website\"},\"datePublished\":\"2021-06-23T21:56:56+00:00\",\"dateModified\":\"2024-07-20T16:49:38+00:00\",\"breadcrumb\":{\"@id\":\"https:\/\/racingcba.com.ar\/bienvenido\/jardines\/#breadcrumb\"},\"inLanguage\":\"es\",\"potentialAction\":[{\"@type\":\"ReadAction\",\"target\":[\"https:\/\/racingcba.com.ar\/bienvenido\/jardines\/\"]}]},{\"@type\":\"BreadcrumbList\",\"@id\":\"https:\/\/racingcba.com.ar\/bienvenido\/jardines\/#breadcrumb\",\"itemListElement\":[{\"@type\":\"ListItem\",\"position\":1,\"name\":\"Portada\",\"item\":\"https:\/\/racingcba.com.ar\/bienvenido\/\"},{\"@type\":\"ListItem\",\"position\":2,\"name\":\"JARDIN\"}]},{\"@type\":\"WebSite\",\"@id\":\"https:\/\/racingcba.com.ar\/bienvenido\/#website\",\"url\":\"https:\/\/racingcba.com.ar\/bienvenido\/\",\"name\":\"CLUB ATLETICO RACING\",\"description\":\"Bienvenidos a nuestro sitio web\",\"publisher\":{\"@id\":\"https:\/\/racingcba.com.ar\/bienvenido\/#organization\"},\"potentialAction\":[{\"@type\":\"SearchAction\",\"target\":{\"@type\":\"EntryPoint\",\"urlTemplate\":\"https:\/\/racingcba.com.ar\/bienvenido\/?s={search_term_string}\"},\"query-input\":{\"@type\":\"PropertyValueSpecification\",\"valueRequired\":true,\"valueName\":\"search_term_string\"}}],\"inLanguage\":\"es\"},{\"@type\":\"Organization\",\"@id\":\"https:\/\/racingcba.com.ar\/bienvenido\/#organization\",\"name\":\"CLUB ATLETICO RACING\",\"url\":\"https:\/\/racingcba.com.ar\/bienvenido\/\",\"logo\":{\"@type\":\"ImageObject\",\"inLanguage\":\"es\",\"@id\":\"https:\/\/racingcba.com.ar\/bienvenido\/#\/schema\/logo\/image\/\",\"url\":\"https:\/\/racingcba.com.ar\/bienvenido\/wp-content\/uploads\/2026\/02\/cropped-imagssse-56-1.png\",\"contentUrl\":\"https:\/\/racingcba.com.ar\/bienvenido\/wp-content\/uploads\/2026\/02\/cropped-imagssse-56-1.png\",\"width\":511,\"height\":638,\"caption\":\"CLUB ATLETICO RACING\"},\"image\":{\"@id\":\"https:\/\/racingcba.com.ar\/bienvenido\/#\/schema\/logo\/image\/\"}}]}<\/script>\n<!-- \/ Yoast SEO plugin. -->","yoast_head_json":{"title":"JARDIN - CLUB ATLETICO RACING","robots":{"index":"index","follow":"follow","max-snippet":"max-snippet:-1","max-image-preview":"max-image-preview:large","max-video-preview":"max-video-preview:-1"},"canonical":"https:\/\/racingcba.com.ar\/bienvenido\/jardines\/","og_locale":"es_ES","og_type":"article","og_title":"JARDIN - CLUB ATLETICO RACING","og_description":"[vc_row][vc_column][vc_empty_space][vc_custom_heading text=\u00bbDIRECCI\u00d3N NIVEL INICIAL\u00bb font_container=\u00bbtag:h2|font_size:30|text_align:center|color:%23ffffff\u00bb google_fonts=\u00bbfont_family:Open%20Sans%20Condensed%3A300%2C300italic%2C700|font_style:700%20bold%20regular%3A700%3Anormal\u00bb css=\u00bb.vc_custom_1624486094658{background-color: #1e73be !important;}\u00bb][\/vc_column][\/vc_row][vc_row][vc_column width=\u00bb1\/3&#8243;][vc_custom_heading text=\u00bbDirectora\u00bb font_container=\u00bbtag:h2|font_size:30|text_align:center|color:%23ffffff\u00bb google_fonts=\u00bbfont_family:Open%20Sans%20Condensed%3A300%2C300italic%2C700|font_style:700%20bold%20regular%3A700%3Anormal\u00bb css=\u00bb.vc_custom_1624486210170{background-color: #25c3ea !important;}\u00bb][vc_column_text] Nora L. Moreno [\/vc_column_text][vc_custom_heading text=\u00bbGabinete Psicopedagogico\u00bb font_container=\u00bbtag:h2|font_size:30|text_align:center\u00bb google_fonts=\u00bbfont_family:Open%20Sans%20Condensed%3A300%2C300italic%2C700|font_style:700%20bold%20regular%3A700%3Anormal\u00bb css=\u00bb.vc_custom_1717636361848{background-color: #25c7e8 [\u2026]","og_url":"https:\/\/racingcba.com.ar\/bienvenido\/jardines\/","og_site_name":"CLUB ATLETICO RACING","article_modified_time":"2024-07-20T16:49:38+00:00","twitter_card":"summary_large_image","twitter_misc":{"Tiempo de lectura":"6 minutos"},"schema":{"@context":"https:\/\/schema.org","@graph":[{"@type":"WebPage","@id":"https:\/\/racingcba.com.ar\/bienvenido\/jardines\/","url":"https:\/\/racingcba.com.ar\/bienvenido\/jardines\/","name":"JARDIN - CLUB ATLETICO RACING","isPartOf":{"@id":"https:\/\/racingcba.com.ar\/bienvenido\/#website"},"datePublished":"2021-06-23T21:56:56+00:00","dateModified":"2024-07-20T16:49:38+00:00","breadcrumb":{"@id":"https:\/\/racingcba.com.ar\/bienvenido\/jardines\/#breadcrumb"},"inLanguage":"es","potentialAction":[{"@type":"ReadAction","target":["https:\/\/racingcba.com.ar\/bienvenido\/jardines\/"]}]},{"@type":"BreadcrumbList","@id":"https:\/\/racingcba.com.ar\/bienvenido\/jardines\/#breadcrumb","itemListElement":[{"@type":"ListItem","position":1,"name":"Portada","item":"https:\/\/racingcba.com.ar\/bienvenido\/"},{"@type":"ListItem","position":2,"name":"JARDIN"}]},{"@type":"WebSite","@id":"https:\/\/racingcba.com.ar\/bienvenido\/#website","url":"https:\/\/racingcba.com.ar\/bienvenido\/","name":"CLUB ATLETICO RACING","description":"Bienvenidos a nuestro sitio web","publisher":{"@id":"https:\/\/racingcba.com.ar\/bienvenido\/#organization"},"potentialAction":[{"@type":"SearchAction","target":{"@type":"EntryPoint","urlTemplate":"https:\/\/racingcba.com.ar\/bienvenido\/?s={search_term_string}"},"query-input":{"@type":"PropertyValueSpecification","valueRequired":true,"valueName":"search_term_string"}}],"inLanguage":"es"},{"@type":"Organization","@id":"https:\/\/racingcba.com.ar\/bienvenido\/#organization","name":"CLUB ATLETICO RACING","url":"https:\/\/racingcba.com.ar\/bienvenido\/","logo":{"@type":"ImageObject","inLanguage":"es","@id":"https:\/\/racingcba.com.ar\/bienvenido\/#\/schema\/logo\/image\/","url":"https:\/\/racingcba.com.ar\/bienvenido\/wp-content\/uploads\/2026\/02\/cropped-imagssse-56-1.png","contentUrl":"https:\/\/racingcba.com.ar\/bienvenido\/wp-content\/uploads\/2026\/02\/cropped-imagssse-56-1.png","width":511,"height":638,"caption":"CLUB ATLETICO RACING"},"image":{"@id":"https:\/\/racingcba.com.ar\/bienvenido\/#\/schema\/logo\/image\/"}}]}},"_links":{"self":[{"href":"https:\/\/racingcba.com.ar\/bienvenido\/wp-json\/wp\/v2\/pages\/1102","targetHints":{"allow":["GET"]}}],"collection":[{"href":"https:\/\/racingcba.com.ar\/bienvenido\/wp-json\/wp\/v2\/pages"}],"about":[{"href":"https:\/\/racingcba.com.ar\/bienvenido\/wp-json\/wp\/v2\/types\/page"}],"author":[{"embeddable":true,"href":"https:\/\/racingcba.com.ar\/bienvenido\/wp-json\/wp\/v2\/users\/2"}],"replies":[{"embeddable":true,"href":"https:\/\/racingcba.com.ar\/bienvenido\/wp-json\/wp\/v2\/comments?post=1102"}],"version-history":[{"count":5,"href":"https:\/\/racingcba.com.ar\/bienvenido\/wp-json\/wp\/v2\/pages\/1102\/revisions"}],"predecessor-version":[{"id":7497,"href":"https:\/\/racingcba.com.ar\/bienvenido\/wp-json\/wp\/v2\/pages\/1102\/revisions\/7497"}],"wp:attachment":[{"href":"https:\/\/racingcba.com.ar\/bienvenido\/wp-json\/wp\/v2\/media?parent=1102"}],"curies":[{"name":"wp","href":"https:\/\/api.w.org\/{rel}","templated":true}]}}